{"id":42,"date":"2022-02-01T14:22:30","date_gmt":"2022-02-01T13:22:30","guid":{"rendered":"https:\/\/www.uniprevoyance.fr\/veterinaires\/loginpress\/"},"modified":"2022-02-01T14:22:30","modified_gmt":"2022-02-01T13:22:30","slug":"loginpress","status":"publish","type":"page","link":"https:\/\/r7.uniprevoyance.fr\/veterinaires\/loginpress\/","title":{"rendered":"LoginPress"},"content":{"rendered":"<p> Cette page est utilis\u00e9e par LoginPress pour afficher un aper\u00e7u de la page de connexion dans le personnaliseur.<\/ p><\/p>\n","protected":false},"excerpt":{"rendered":"<p>Cette page est utilis\u00e9e par LoginPress pour afficher un aper\u00e7u de la page de connexion dans le personnaliseur.<\/p>\n","protected":false},"author":1,"featured_media":0,"parent":0,"menu_order":0,"comment_status":"closed","ping_status":"closed","template":"template-loginpress.php","meta":{"xn-wppe-expiration":[],"xn-wppe-expiration-action":[],"xn-wppe-expiration-prefix":[],"_et_pb_use_builder":"","_et_pb_old_content":"","_et_gb_content_width":"","inline_featured_image":false,"footnotes":""},"class_list":["post-42","page","type-page","status-publish","hentry"],"yoast_head":"<!-- This site is optimized with the Yoast SEO plugin v27.4 - https:\/\/yoast.com\/product\/yoast-seo-wordpress\/ -->\n<title>LoginPress - Cabinets et Cliniques V\u00e9t\u00e9rinaires<\/title>\n<meta name=\"robots\" content=\"index, follow, max-snippet:-1, max-image-preview:large, max-video-preview:-1\" \/>\n<link rel=\"canonical\" href=\"https:\/\/r7.uniprevoyance.fr\/veterinaires\/loginpress\/\" \/>\n<meta property=\"og:locale\" content=\"fr_FR\" \/>\n<meta property=\"og:type\" content=\"article\" \/>\n<meta property=\"og:title\" content=\"LoginPress - Cabinets et Cliniques V\u00e9t\u00e9rinaires\" \/>\n<meta property=\"og:description\" content=\"Cette page est utilis\u00e9e par LoginPress pour afficher un aper\u00e7u de la page de connexion dans le personnaliseur.\" \/>\n<meta property=\"og:url\" content=\"https:\/\/r7.uniprevoyance.fr\/veterinaires\/loginpress\/\" \/>\n<meta property=\"og:site_name\" content=\"Cabinets et Cliniques V\u00e9t\u00e9rinaires\" \/>\n<meta name=\"twitter:card\" content=\"summary_large_image\" \/>\n<!-- \/ Yoast SEO plugin. -->","yoast_head_json":{"title":"LoginPress - Cabinets et Cliniques V\u00e9t\u00e9rinaires","robots":{"index":"index","follow":"follow","max-snippet":"max-snippet:-1","max-image-preview":"max-image-preview:large","max-video-preview":"max-video-preview:-1"},"canonical":"https:\/\/r7.uniprevoyance.fr\/veterinaires\/loginpress\/","og_locale":"fr_FR","og_type":"article","og_title":"LoginPress - Cabinets et Cliniques V\u00e9t\u00e9rinaires","og_description":"Cette page est utilis\u00e9e par LoginPress pour afficher un aper\u00e7u de la page de connexion dans le personnaliseur.","og_url":"https:\/\/r7.uniprevoyance.fr\/veterinaires\/loginpress\/","og_site_name":"Cabinets et Cliniques V\u00e9t\u00e9rinaires","twitter_card":"summary_large_image","schema":{"@context":"https:\/\/schema.org","@graph":[{"@type":"WebPage","@id":"https:\/\/r7.uniprevoyance.fr\/veterinaires\/loginpress\/","url":"https:\/\/r7.uniprevoyance.fr\/veterinaires\/loginpress\/","name":"LoginPress - Cabinets et Cliniques V\u00e9t\u00e9rinaires","isPartOf":{"@id":"https:\/\/r7.uniprevoyance.fr\/veterinaires\/#website"},"datePublished":"2022-02-01T13:22:30+00:00","breadcrumb":{"@id":"https:\/\/r7.uniprevoyance.fr\/veterinaires\/loginpress\/#breadcrumb"},"inLanguage":"fr-FR","potentialAction":[{"@type":"ReadAction","target":["https:\/\/r7.uniprevoyance.fr\/veterinaires\/loginpress\/"]}]},{"@type":"BreadcrumbList","@id":"https:\/\/r7.uniprevoyance.fr\/veterinaires\/loginpress\/#breadcrumb","itemListElement":[{"@type":"ListItem","position":1,"name":"Accueil","item":"https:\/\/r7.uniprevoyance.fr\/veterinaires\/"},{"@type":"ListItem","position":2,"name":"LoginPress"}]},{"@type":"WebSite","@id":"https:\/\/r7.uniprevoyance.fr\/veterinaires\/#website","url":"https:\/\/r7.uniprevoyance.fr\/veterinaires\/","name":"Cabinets et Cliniques V\u00e9t\u00e9rinaires","description":"Sites Uniprevoyance","potentialAction":[{"@type":"SearchAction","target":{"@type":"EntryPoint","urlTemplate":"https:\/\/r7.uniprevoyance.fr\/veterinaires\/?s={search_term_string}"},"query-input":{"@type":"PropertyValueSpecification","valueRequired":true,"valueName":"search_term_string"}}],"inLanguage":"fr-FR"}]}},"_links":{"self":[{"href":"https:\/\/r7.uniprevoyance.fr\/veterinaires\/wp-json\/wp\/v2\/pages\/42","targetHints":{"allow":["GET"]}}],"collection":[{"href":"https:\/\/r7.uniprevoyance.fr\/veterinaires\/wp-json\/wp\/v2\/pages"}],"about":[{"href":"https:\/\/r7.uniprevoyance.fr\/veterinaires\/wp-json\/wp\/v2\/types\/page"}],"author":[{"embeddable":true,"href":"https:\/\/r7.uniprevoyance.fr\/veterinaires\/wp-json\/wp\/v2\/users\/1"}],"replies":[{"embeddable":true,"href":"https:\/\/r7.uniprevoyance.fr\/veterinaires\/wp-json\/wp\/v2\/comments?post=42"}],"version-history":[{"count":0,"href":"https:\/\/r7.uniprevoyance.fr\/veterinaires\/wp-json\/wp\/v2\/pages\/42\/revisions"}],"wp:attachment":[{"href":"https:\/\/r7.uniprevoyance.fr\/veterinaires\/wp-json\/wp\/v2\/media?parent=42"}],"curies":[{"name":"wp","href":"https:\/\/api.w.org\/{rel}","templated":true}]}}